{"id":42,"date":"2026-02-08T18:06:48","date_gmt":"2026-02-08T18:06:48","guid":{"rendered":"https:\/\/sz-kaito.com.tr\/?page_id=42"},"modified":"2026-02-11T12:42:43","modified_gmt":"2026-02-11T12:42:43","slug":"hakkimizda","status":"publish","type":"page","link":"https:\/\/sz-kaito.com.tr\/en\/hakkimizda\/","title":{"rendered":"About Us"},"content":{"rendered":"<div data-elementor-type=\"wp-page\" data-elementor-id=\"42\" class=\"elementor elementor-42\" data-elementor-post-type=\"page\">\n\t\t\t\t<header class=\"elementor-element elementor-element-66aa8775 e-con-full e-flex e-con e-parent\" data-id=\"66aa8775\" data-element_type=\"container\" data-e-type=\"container\">\n\t\t\t\t<div class=\"elementor-element elementor-element-733077ad elementor-widget elementor-widget-image\" data-id=\"733077ad\" data-element_type=\"widget\" data-e-type=\"widget\" data-widget_type=\"image.default\">\n\t\t\t\t\t\t\t\t\t\t\t\t\t\t\t<img decoding=\"async\" src=\"https:\/\/sz-kaito.com.tr\/wp-content\/uploads\/2026\/02\/Asset-15.svg\" class=\"attachment-full size-full wp-image-25\" alt=\"\" \/>\t\t\t\t\t\t\t\t\t\t\t\t\t\t\t<\/div>\n\t\t\t\t<\/header>\n\t\t<div class=\"elementor-element elementor-element-196332d9 e-flex e-con-boxed e-con e-parent\" data-id=\"196332d9\" data-element_type=\"container\" data-e-type=\"container\">\n\t\t\t\t\t<div class=\"e-con-inner\">\n\t\t<div class=\"elementor-element elementor-element-46e62602 e-con-full e-flex e-con e-child\" data-id=\"46e62602\" data-element_type=\"container\" data-e-type=\"container\">\n\t\t\t\t<div class=\"elementor-element elementor-element-686bd2b8 elementor-widget elementor-widget-heading\" data-id=\"686bd2b8\" data-element_type=\"widget\" data-e-type=\"widget\" data-widget_type=\"heading.default\">\n\t\t\t\t\t<h2 class=\"elementor-heading-title elementor-size-default\">Why? <br>RGE SUPPLY<\/h2>\t\t\t\t<\/div>\n\t\t\t\t<div class=\"elementor-element elementor-element-6a4c1a6f elementor-widget elementor-widget-text-editor\" data-id=\"6a4c1a6f\" data-element_type=\"widget\" data-e-type=\"widget\" data-widget_type=\"text-editor.default\">\n\t\t\t\t\t\t\t\t\t<p>RGE Supply specialises in the road construction and heavy construction equipment industry. <strong data-start=\"316\" data-end=\"347\">authorised distributorship power<\/strong>, <strong data-start=\"349\" data-end=\"367\">technical experience<\/strong> and <strong data-start=\"371\" data-end=\"403\">reliable supply concept<\/strong> to bring them together.<br data-start=\"422\" data-end=\"425\" \/>Our aim is to offer our customers not only products, <strong data-start=\"472\" data-end=\"513\">seamless and sustainable solutions<\/strong> is to offer.<\/p><h3 data-start=\"531\" data-end=\"572\">\u2714 <strong data-start=\"537\" data-end=\"570\">Authorised Distributor Assurance<\/strong><\/h3><p data-start=\"573\" data-end=\"678\">The KAITO brand <strong data-start=\"590\" data-end=\"622\">Turkey Authorised Distributor<\/strong> we offer original and standard-compliant products.<\/p><h3 data-start=\"680\" data-end=\"726\">\u2714 <strong data-start=\"686\" data-end=\"724\">Technical Experience &amp; Correct Product Selection<\/strong><\/h3><p data-start=\"727\" data-end=\"825\">With our years of field experience, we quickly and accurately determine the most suitable product for your needs.<\/p><h3 data-start=\"827\" data-end=\"864\">\u2714 <strong data-start=\"833\" data-end=\"862\">Wide Product and Supply Network<\/strong><\/h3><p data-start=\"865\" data-end=\"967\">With our portfolio of domestic and global manufacturers, we provide solutions suitable for different brands and models.<\/p><h3 data-start=\"969\" data-end=\"1007\">\u2714 <strong data-start=\"975\" data-end=\"1005\">Strong After Sales Support<\/strong><\/h3><p data-start=\"1008\" data-end=\"1101\">From pre-sales to after delivery, we offer fast turnaround and sustainable support.<\/p>\t\t\t\t\t\t\t\t<\/div>\n\t\t\t\t<\/div>\n\t\t<div class=\"elementor-element elementor-element-3636c471 e-con-full e-flex e-con e-child\" data-id=\"3636c471\" data-element_type=\"container\" data-e-type=\"container\">\n\t\t\t\t<div class=\"elementor-element elementor-element-7da5716a elementor-widget elementor-widget-image\" data-id=\"7da5716a\" data-element_type=\"widget\" data-e-type=\"widget\" data-widget_type=\"image.default\">\n\t\t\t\t\t\t\t\t\t\t\t\t\t\t\t<img fetchpriority=\"high\" decoding=\"async\" width=\"800\" height=\"800\" src=\"https:\/\/sz-kaito.com.tr\/wp-content\/uploads\/2026\/02\/about2.webp\" class=\"attachment-large size-large wp-image-277\" alt=\"\" srcset=\"https:\/\/sz-kaito.com.tr\/wp-content\/uploads\/2026\/02\/about2.webp 1024w, https:\/\/sz-kaito.com.tr\/wp-content\/uploads\/2026\/02\/about2-300x300.png 300w, https:\/\/sz-kaito.com.tr\/wp-content\/uploads\/2026\/02\/about2-150x150.png 150w, https:\/\/sz-kaito.com.tr\/wp-content\/uploads\/2026\/02\/about2-768x768.png 768w\" sizes=\"(max-width: 800px) 100vw, 800px\" \/>\t\t\t\t\t\t\t\t\t\t\t\t\t\t\t<\/div>\n\t\t\t\t<\/div>\n\t\t\t\t\t<\/div>\n\t\t\t\t<\/div>\n\t\t<div class=\"elementor-element elementor-element-1ccce44f e-flex e-con-boxed e-con e-parent\" data-id=\"1ccce44f\" data-element_type=\"container\" data-e-type=\"container\">\n\t\t\t\t\t<div class=\"e-con-inner\">\n\t\t<div class=\"elementor-element elementor-element-63294713 e-con-full e-flex e-con e-child\" data-id=\"63294713\" data-element_type=\"container\" data-e-type=\"container\">\n\t\t\t\t<div class=\"elementor-element elementor-element-62f00b3b elementor-widget elementor-widget-image\" data-id=\"62f00b3b\" data-element_type=\"widget\" data-e-type=\"widget\" data-widget_type=\"image.default\">\n\t\t\t\t\t\t\t\t\t\t\t\t\t\t\t<img decoding=\"async\" width=\"800\" height=\"800\" src=\"https:\/\/sz-kaito.com.tr\/wp-content\/uploads\/2026\/02\/rgedepo.webp\" class=\"attachment-large size-large wp-image-188\" alt=\"\" srcset=\"https:\/\/sz-kaito.com.tr\/wp-content\/uploads\/2026\/02\/rgedepo.webp 1024w, https:\/\/sz-kaito.com.tr\/wp-content\/uploads\/2026\/02\/rgedepo-300x300.webp 300w, https:\/\/sz-kaito.com.tr\/wp-content\/uploads\/2026\/02\/rgedepo-150x150.webp 150w, https:\/\/sz-kaito.com.tr\/wp-content\/uploads\/2026\/02\/rgedepo-768x768.webp 768w\" sizes=\"(max-width: 800px) 100vw, 800px\" \/>\t\t\t\t\t\t\t\t\t\t\t\t\t\t\t<\/div>\n\t\t\t\t<\/div>\n\t\t<div class=\"elementor-element elementor-element-3ecb2d5f e-con-full e-flex e-con e-child\" data-id=\"3ecb2d5f\" data-element_type=\"container\" data-e-type=\"container\">\n\t\t\t\t<div class=\"elementor-element elementor-element-77651fbd elementor-widget elementor-widget-heading\" data-id=\"77651fbd\" data-element_type=\"widget\" data-e-type=\"widget\" data-widget_type=\"heading.default\">\n\t\t\t\t\t<h2 class=\"elementor-heading-title elementor-size-default\">Our Mission<\/h2>\t\t\t\t<\/div>\n\t\t\t\t<div class=\"elementor-element elementor-element-15ddfbc9 elementor-widget elementor-widget-text-editor\" data-id=\"15ddfbc9\" data-element_type=\"widget\" data-e-type=\"widget\" data-widget_type=\"text-editor.default\">\n\t\t\t\t\t\t\t\t\t<p data-start=\"228\" data-end=\"463\"><strong data-start=\"228\" data-end=\"269\"><span class=\"hover:entity-accent entity-underline inline cursor-pointer align-baseline\"><span class=\"whitespace-normal\">RGE Supply<\/span><\/span><\/strong> as our mission;<br data-start=\"288\" data-end=\"291\" \/>road construction and heavy construction machinery sector, <strong data-start=\"335\" data-end=\"379\">high quality spare parts and solutions<\/strong> to our customers <strong data-start=\"396\" data-end=\"440\">right product, right time and right cost<\/strong> with an understanding.<\/p><p data-start=\"465\" data-end=\"673\">The KAITO brand <strong data-start=\"482\" data-end=\"514\">Turkey Authorised Distributor<\/strong> with the responsibility of being;<br data-start=\"538\" data-end=\"541\" \/>We bring products that comply with international quality standards to the Turkish market with our strong stock structure and effective logistics infrastructure.<\/p><p data-start=\"675\" data-end=\"895\">We are committed to fulfil the needs of our customers not only from a procurement perspective;<br data-start=\"744\" data-end=\"747\" \/><strong data-start=\"747\" data-end=\"803\">technical knowledge, field experience and after-sales support<\/strong> perspective, we aim to establish long-term and trust-based collaborations.<\/p><p data-start=\"897\" data-end=\"1057\">At RGE Supply, our core mission is;<br data-start=\"932\" data-end=\"935\" \/>in the sector <strong data-start=\"944\" data-end=\"960\">reliability<\/strong>, <strong data-start=\"962\" data-end=\"974\">stabilisation<\/strong> and <strong data-start=\"978\" data-end=\"1003\">sustainable quality<\/strong> is to be a preferred solution partner.<\/p>\t\t\t\t\t\t\t\t<\/div>\n\t\t\t\t<\/div>\n\t\t\t\t\t<\/div>\n\t\t\t\t<\/div>\n\t\t<div class=\"elementor-element elementor-element-4e500d82 e-con-full e-flex e-con e-parent\" data-id=\"4e500d82\" data-element_type=\"container\" data-e-type=\"container\">\n\t\t<div class=\"elementor-element elementor-element-370564fb e-con-full e-flex e-con e-child\" data-id=\"370564fb\" data-element_type=\"container\" data-e-type=\"container\">\n\t\t\t\t<div class=\"elementor-element elementor-element-26dff34d elementor-widget elementor-widget-heading\" data-id=\"26dff34d\" data-element_type=\"widget\" data-e-type=\"widget\" data-widget_type=\"heading.default\">\n\t\t\t\t\t<h1 class=\"elementor-heading-title elementor-size-default\">About RGE SUPPLY<\/h1>\t\t\t\t<\/div>\n\t\t\t\t<div class=\"elementor-element elementor-element-77e281c8 elementor-widget elementor-widget-text-editor\" data-id=\"77e281c8\" data-element_type=\"widget\" data-e-type=\"widget\" data-widget_type=\"text-editor.default\">\n\t\t\t\t\t\t\t\t\t<p data-start=\"317\" data-end=\"626\"><strong data-start=\"317\" data-end=\"331\">GE Supply<\/strong>, in the road construction and heavy construction machinery sector <strong data-start=\"376\" data-end=\"425\">supply of high quality spare parts and solutions<\/strong> operates with the aim of offering.<br data-start=\"466\" data-end=\"469\" \/>Thanks to its strong co-operation with international manufacturers, our company offers its customers <strong data-start=\"560\" data-end=\"602\">reliable, sustainable and competitive<\/strong> solutions.<\/p><p data-start=\"628\" data-end=\"879\">RGE Supply, <strong data-start=\"640\" data-end=\"681\">KAITO (Kaitong Engineering Machinery)<\/strong> of the brand <strong data-start=\"693\" data-end=\"725\">Turkey Authorised Distributor<\/strong> as;<br data-start=\"733\" data-end=\"736\" \/>offers a wide product portfolio for road construction machinery, especially asphalt paving machines, milling machines and road rollers.<\/p><p data-start=\"881\" data-end=\"1189\">RGE Supply adopts quality as a fundamental principle in its supply chain;<br data-start=\"949\" data-end=\"952\" \/>pallet shoes, conveyor chains, conveyor belts, modules, rubber shock absorbers, cutting tools, tool holders, water pumps and many different spare parts items <strong data-start=\"1126\" data-end=\"1165\">original and equivalent product options<\/strong> serves with.<\/p><p data-start=\"1191\" data-end=\"1386\">Our approach is not limited to product supply;<br data-start=\"1245\" data-end=\"1248\" \/><strong data-start=\"1248\" data-end=\"1315\">correct product selection, fast delivery and strong after-sales support<\/strong> aims to be with our customers in all processes with its understanding.<\/p><p data-start=\"1388\" data-end=\"1580\">Our goal at RGE Supply;<br data-start=\"1415\" data-end=\"1418\" \/>Turkey and regional markets, <strong data-start=\"1453\" data-end=\"1481\">reliable distributorship<\/strong>, <strong data-start=\"1483\" data-end=\"1504\">consistent quality<\/strong> and <strong data-start=\"1508\" data-end=\"1536\">long-term business partnership<\/strong> is to be the first brand that comes to mind when it is mentioned.<\/p>\t\t\t\t\t\t\t\t<\/div>\n\t\t\t\t<\/div>\n\t\t<div class=\"elementor-element elementor-element-23c8a80a e-con-full e-flex e-con e-child\" data-id=\"23c8a80a\" data-element_type=\"container\" data-e-type=\"container\" data-settings=\"{&quot;background_background&quot;:&quot;classic&quot;}\">\n\t\t\t\t<div class=\"elementor-element elementor-element-7a602cca elementor-widget elementor-widget-image\" data-id=\"7a602cca\" data-element_type=\"widget\" data-e-type=\"widget\" data-widget_type=\"image.default\">\n\t\t\t\t\t\t\t\t\t\t\t\t\t\t\t<img decoding=\"async\" width=\"800\" height=\"800\" src=\"https:\/\/sz-kaito.com.tr\/wp-content\/uploads\/2026\/02\/about1.webp\" class=\"attachment-large size-large wp-image-278\" alt=\"\" srcset=\"https:\/\/sz-kaito.com.tr\/wp-content\/uploads\/2026\/02\/about1.webp 1024w, https:\/\/sz-kaito.com.tr\/wp-content\/uploads\/2026\/02\/about1-300x300.webp 300w, https:\/\/sz-kaito.com.tr\/wp-content\/uploads\/2026\/02\/about1-150x150.webp 150w, https:\/\/sz-kaito.com.tr\/wp-content\/uploads\/2026\/02\/about1-768x768.webp 768w\" sizes=\"(max-width: 800px) 100vw, 800px\" \/>\t\t\t\t\t\t\t\t\t\t\t\t\t\t\t<\/div>\n\t\t\t\t<\/div>\n\t\t\t\t<\/div>\n\t\t\t\t<\/div>","protected":false},"excerpt":{"rendered":"<p>Neden RGE SUPPLY RGE Supply, yol yap\u0131m ve a\u011f\u0131r i\u015f makineleri sekt\u00f6r\u00fcnde yetkili distrib\u00fct\u00f6rl\u00fck g\u00fcc\u00fc, teknik tecr\u00fcbe ve g\u00fcvenilir tedarik anlay\u0131\u015f\u0131n\u0131 bir araya getirir.Amac\u0131m\u0131z; m\u00fc\u015fterilerimize yaln\u0131zca \u00fcr\u00fcn de\u011fil, kesintisiz ve s\u00fcrd\u00fcr\u00fclebilir \u00e7\u00f6z\u00fcmler sunmakt\u0131r. \u2714 Yetkili Distrib\u00fct\u00f6r G\u00fcvencesi KAITO markas\u0131n\u0131n T\u00fcrkiye Yetkili Distrib\u00fct\u00f6r\u00fc olarak, orijinal ve standartlara uygun \u00fcr\u00fcnler sunar\u0131z. \u2714 Teknik Tecr\u00fcbe &amp; Do\u011fru \u00dcr\u00fcn [&hellip;]<\/p>\n","protected":false},"author":1,"featured_media":0,"parent":0,"menu_order":0,"comment_status":"closed","ping_status":"closed","template":"","meta":{"footnotes":""},"class_list":["post-42","page","type-page","status-publish","hentry"],"_links":{"self":[{"href":"https:\/\/sz-kaito.com.tr\/en\/wp-json\/wp\/v2\/pages\/42","targetHints":{"allow":["GET"]}}],"collection":[{"href":"https:\/\/sz-kaito.com.tr\/en\/wp-json\/wp\/v2\/pages"}],"about":[{"href":"https:\/\/sz-kaito.com.tr\/en\/wp-json\/wp\/v2\/types\/page"}],"author":[{"embeddable":true,"href":"https:\/\/sz-kaito.com.tr\/en\/wp-json\/wp\/v2\/users\/1"}],"replies":[{"embeddable":true,"href":"https:\/\/sz-kaito.com.tr\/en\/wp-json\/wp\/v2\/comments?post=42"}],"version-history":[{"count":29,"href":"https:\/\/sz-kaito.com.tr\/en\/wp-json\/wp\/v2\/pages\/42\/revisions"}],"predecessor-version":[{"id":377,"href":"https:\/\/sz-kaito.com.tr\/en\/wp-json\/wp\/v2\/pages\/42\/revisions\/377"}],"wp:attachment":[{"href":"https:\/\/sz-kaito.com.tr\/en\/wp-json\/wp\/v2\/media?parent=42"}],"curies":[{"name":"wp","href":"https:\/\/api.w.org\/{rel}","templated":true}]}}